{"id":35,"date":"2025-09-11T19:22:43","date_gmt":"2025-09-11T19:22:43","guid":{"rendered":"https:\/\/rpsolutions.cz\/reference\/"},"modified":"2025-09-11T19:22:43","modified_gmt":"2025-09-11T19:22:43","slug":"reference","status":"publish","type":"page","link":"https:\/\/rpsolutions.cz\/en\/reference\/","title":{"rendered":"Reference"},"content":{"rendered":"<div class=\"wp-block-group alignfull has-background-background-color has-background\" id=\"reference\" style=\"margin-top:0;margin-bottom:0;padding-top:var(--wp--preset--spacing--60);padding-right:var(--wp--preset--spacing--30);padding-bottom:var(--wp--preset--spacing--60);padding-left:var(--wp--preset--spacing--30)\"><div class=\"wp-block-group__inner-container is-layout-constrained wp-container-core-group-is-layout-cad32e20 wp-block-group-is-layout-constrained\">\n<div class=\"wp-block-group alignwide is-content-justification-center\" style=\"margin-bottom:var(--wp--preset--spacing--50)\"><div class=\"wp-block-group__inner-container is-layout-constrained wp-block-group-is-layout-constrained\">\n<h2 class=\"wp-block-heading has-text-align-center\">Spr\u00e1va za\u0159\u00edzen\u00ed s d\u016frazem na efektivitu<\/h2>\n\n\n\n<p class=\"has-text-align-center has-medium-font-size\" style=\"margin-top:16px\">Zde sd\u00edl\u00edme skute\u010dn\u00e9 reference na\u0161ich klient\u016f, kte\u0159\u00ed oce\u0148uj\u00ed kvalitu a spolehlivost na\u0161ich slu\u017eeb.<\/p>\n<\/div><\/div>\n\n\n\n<div class=\"wp-block-columns alignwide is-layout-flex wp-container-core-columns-is-layout-9d6595d7 wp-block-columns-is-layout-flex\">\n<div class=\"wp-block-column is-vertically-aligned-stretch is-layout-flow wp-block-column-is-layout-flow\" style=\"flex-basis:66.66%\">\n<div class=\"wp-block-cover has-custom-content-position is-position-bottom-center extendify-image-import\" style=\"border-radius:1.5rem;padding-top:var(--wp--preset--spacing--30);padding-right:var(--wp--preset--spacing--30);padding-bottom:var(--wp--preset--spacing--30);padding-left:var(--wp--preset--spacing--30);min-height:35vh;aspect-ratio:unset;\"><img decoding=\"async\" class=\"wp-block-cover__image-background\" alt=\"\" src=\"https:\/\/images.unsplash.com\/photo-1726776230751-183496c51f00?ixid=M3w0MzUxNjF8MHwxfHNlYXJjaHwxOXx8ZmFjaWxpdHklMjBtYW5hZ2VtZW50fGVufDB8fHx8MTc1NzUyMzE5N3ww&amp;ixlib=rb-4.1.0&amp;orientation=landscape?fit=crop&amp;crop=entropy%2Cfaces&amp;auto=format%2Ccompress&amp;w=1280\" data-object-fit=\"cover\"\/><span aria-hidden=\"true\" class=\"wp-block-cover__background has-background-dim-60 has-background-dim\"><\/span><div class=\"wp-block-cover__inner-container is-layout-flow wp-block-cover-is-layout-flow\">\n<div class=\"wp-block-group\"><div class=\"wp-block-group__inner-container is-layout-flow wp-block-group-is-layout-flow\">\n<p style=\"font-size:32px;font-style:normal;font-weight:600;line-height:1.4\">Slu\u017eby RP Solutions v\u00fdrazn\u011b zlep\u0161ily na\u0161i provozn\u00ed efektivitu a v\u017edy p\u0159ekonaly o\u010dek\u00e1v\u00e1n\u00ed.<\/p>\n\n\n\n<h4 class=\"wp-block-heading has-small-font-size\">Spole\u010dnost TechPro<\/h4>\n\n\n\n<p class=\"has-small-font-size\" style=\"margin-top:2px\">Vedouc\u00ed \u00fadr\u017eby<\/p>\n<\/div><\/div>\n<\/div><\/div>\n<\/div>\n\n\n\n<div class=\"wp-block-column is-vertically-aligned-stretch is-layout-flow wp-block-column-is-layout-flow\" style=\"flex-basis:33.33%\">\n<div class=\"wp-block-group has-background-color has-primary-background-color has-text-color has-background has-link-color wp-elements-18b92b36c3130a1dcf4a2c94580d5486\" style=\"border-radius:1.5rem;min-height:100%;padding-top:var(--wp--preset--spacing--40);padding-right:var(--wp--preset--spacing--30);padding-bottom:var(--wp--preset--spacing--40);padding-left:var(--wp--preset--spacing--30)\"><div class=\"wp-block-group__inner-container is-layout-constrained wp-container-core-group-is-layout-d1ab6ec1 wp-block-group-is-layout-constrained\">\n<p style=\"font-size:24px;font-style:normal;font-weight:600;line-height:1.4\">T\u00fdm RP Solutions n\u00e1m poskytl profesion\u00e1ln\u00ed podporu a rychl\u00e9 \u0159e\u0161en\u00ed v\u0161ech probl\u00e9m\u016f.<\/p>\n\n\n\n<h4 class=\"wp-block-heading has-background-color has-text-color has-link-color has-small-font-size wp-elements-34878062358f106a60390fb758aa0de4\">Firma GreenBuild<\/h4>\n\n\n\n<p class=\"has-small-font-size\" style=\"margin-top:2px\">Mana\u017eer spr\u00e1vy budov<\/p>\n<\/div><\/div>\n<\/div>\n<\/div>\n\n\n\n<div class=\"wp-block-columns alignwide is-layout-flex wp-container-core-columns-is-layout-9d6595d7 wp-block-columns-is-layout-flex\">\n<div class=\"wp-block-column is-vertically-aligned-stretch is-layout-flow wp-block-column-is-layout-flow\" style=\"flex-basis:33.33%\">\n<div class=\"wp-block-group has-background-color has-foreground-background-color has-text-color has-background has-link-color wp-elements-787d7cc27bb7ad26236c3c51f5ce5b66\" style=\"border-radius:1.5rem;min-height:100%;padding-top:var(--wp--preset--spacing--40);padding-right:var(--wp--preset--spacing--30);padding-bottom:var(--wp--preset--spacing--40);padding-left:var(--wp--preset--spacing--30)\"><div class=\"wp-block-group__inner-container is-layout-constrained wp-container-core-group-is-layout-d1ab6ec1 wp-block-group-is-layout-constrained\">\n<p style=\"font-size:24px;font-style:normal;font-weight:600;line-height:1.4\">S RP Solutions jsme z\u00edskali spolehliv\u00e9ho partnera s vysokou odbornost\u00ed a precizn\u00edm p\u0159\u00edstupem.<\/p>\n\n\n\n<h4 class=\"wp-block-heading has-background-color has-text-color has-link-color has-small-font-size wp-elements-f194fec28d40d6125bd2bd566d5abc47\">Spole\u010dnost Novatech<\/h4>\n\n\n\n<p class=\"has-small-font-size\" style=\"margin-top:2px\">\u0158editel provozu<\/p>\n<\/div><\/div>\n<\/div>\n\n\n\n<div class=\"wp-block-column is-layout-flow wp-block-column-is-layout-flow\" style=\"flex-basis:66.66%\">\n<div class=\"wp-block-cover has-custom-content-position is-position-bottom-center extendify-image-import\" style=\"border-radius:1.5rem;padding-top:var(--wp--preset--spacing--30);padding-right:var(--wp--preset--spacing--30);padding-bottom:var(--wp--preset--spacing--30);padding-left:var(--wp--preset--spacing--30);min-height:35vh;aspect-ratio:unset;\"><img decoding=\"async\" class=\"wp-block-cover__image-background\" alt=\"\" src=\"https:\/\/images.unsplash.com\/photo-1622533087594-627c3aa0d68a?ixid=M3w0MzUxNjF8MHwxfHNlYXJjaHwyfHxmYWNpbGl0eSUyMG1hbmFnZW1lbnR8ZW58MHx8fHwxNzU3NTIzMTk3fDA&amp;ixlib=rb-4.1.0&amp;orientation=landscape?fit=crop&amp;crop=entropy%2Cfaces&amp;auto=format%2Ccompress&amp;w=1280\" data-object-fit=\"cover\"\/><span aria-hidden=\"true\" class=\"wp-block-cover__background has-background-dim-60 has-background-dim\"><\/span><div class=\"wp-block-cover__inner-container is-layout-flow wp-block-cover-is-layout-flow\">\n<div class=\"wp-block-group\"><div class=\"wp-block-group__inner-container is-layout-flow wp-block-group-is-layout-flow\">\n<p style=\"font-size:32px;font-style:normal;font-weight:600;line-height:1.4\">Kompletn\u00ed spr\u00e1va za\u0159\u00edzen\u00ed od RP Solutions n\u00e1m usnadnila ka\u017edodenn\u00ed provoz a zv\u00fd\u0161ila spokojenost.<\/p>\n\n\n\n<h4 class=\"wp-block-heading has-small-font-size\">Firma Elektroservis<\/h4>\n\n\n\n<p class=\"has-small-font-size\" style=\"margin-top:2px\">Technick\u00fd specialista<\/p>\n<\/div><\/div>\n<\/div><\/div>\n<\/div>\n<\/div>\n<\/div><\/div>\n\n<div class=\"wp-block-group alignfull has-tertiary-background-color has-background\" id=\"kontakt\" style=\"margin-top:0;margin-bottom:0;padding-top:var(--wp--preset--spacing--60);padding-bottom:var(--wp--preset--spacing--60)\"><div class=\"wp-block-group__inner-container is-layout-constrained wp-block-group-is-layout-constrained\">\n<div class=\"wp-block-group\"><div class=\"wp-block-group__inner-container is-layout-constrained wp-block-group-is-layout-constrained\">\n<h2 class=\"wp-block-heading has-text-align-center has-large-font-size\">Optimalizujte spr\u00e1vu sv\u00fdch za\u0159\u00edzen\u00ed s n\u00e1mi<\/h2>\n\n\n\n<p class=\"has-text-align-center\" style=\"margin-top:16px\">Zde najdete na\u0161e kontaktn\u00ed \u00fadaje pro efektivn\u00ed komunikaci<\/p>\n<\/div><\/div>\n\n\n\n<div class=\"wp-block-group has-background-background-color has-background\" style=\"border-radius:1.5rem;padding-top:var(--wp--preset--spacing--40);padding-right:var(--wp--preset--spacing--40);padding-bottom:var(--wp--preset--spacing--40);padding-left:var(--wp--preset--spacing--40)\"><div class=\"wp-block-group__inner-container is-layout-constrained wp-container-core-group-is-layout-af10a197 wp-block-group-is-layout-constrained\"><div class=\"wpforms-container wpforms-container-full wpforms-block wpforms-block-406c62bf-d413-4f54-9e34-6ea96a36e1dd wpforms-render-modern\" id=\"wpforms-30\"><form id=\"wpforms-form-30\" class=\"wpforms-validate wpforms-form wpforms-ajax-form\" data-formid=\"30\" method=\"post\" enctype=\"multipart\/form-data\" action=\"\/en\/wp-json\/wp\/v2\/pages\/35\" data-token=\"a86c5124592740f565e5c35da3e19433\" data-token-time=\"1778142982\" data-trp-original-action=\"\/en\/wp-json\/wp\/v2\/pages\/35\"><noscript class=\"wpforms-error-noscript\">Please enable JavaScript in your browser to complete this form.<\/noscript><div id=\"wpforms-error-noscript\" style=\"display: none;\">Please enable JavaScript in your browser to complete this form.<\/div><div class=\"wpforms-field-container\"><div id=\"wpforms-30-field_1-container\" class=\"wpforms-field wpforms-field-name\" data-field-id=\"1\"><label class=\"wpforms-field-label\" for=\"wpforms-30-field_1\">Name <span class=\"wpforms-required-label\" aria-hidden=\"true\">*<\/span><\/label><input type=\"text\" id=\"wpforms-30-field_1\" class=\"wpforms-field-large wpforms-field-required\" name=\"wpforms[fields][1]\" aria-errormessage=\"wpforms-30-field_1-error\" required><\/div>\t\t<div id=\"wpforms-30-field_5-container\"\n\t\t\tclass=\"wpforms-field wpforms-field-text\"\n\t\t\tdata-field-type=\"text\"\n\t\t\tdata-field-id=\"5\"\n\t\t\t>\n\t\t\t<label class=\"wpforms-field-label\" for=\"wpforms-30-field_5\" >Zpr\u00e1va Jm\u00e9no P\u0159edm\u011bt<\/label>\n\t\t\t<input type=\"text\" id=\"wpforms-30-field_5\" class=\"wpforms-field-medium\" name=\"wpforms[fields][5]\" >\n\t\t<\/div>\n\t\t<div id=\"wpforms-30-field_2-container\" class=\"wpforms-field wpforms-field-email\" data-field-id=\"2\"><label class=\"wpforms-field-label\" for=\"wpforms-30-field_2\">E-mail <span class=\"wpforms-required-label\" aria-hidden=\"true\">*<\/span><\/label><input type=\"email\" id=\"wpforms-30-field_2\" class=\"wpforms-field-large wpforms-field-required\" name=\"wpforms[fields][2]\" spellcheck=\"false\" aria-errormessage=\"wpforms-30-field_2-error\" required><\/div><div id=\"wpforms-30-field_3-container\" class=\"wpforms-field wpforms-field-text\" data-field-id=\"3\"><label class=\"wpforms-field-label\" for=\"wpforms-30-field_3\">Subject<\/label><input type=\"text\" id=\"wpforms-30-field_3\" class=\"wpforms-field-large\" name=\"wpforms[fields][3]\" aria-errormessage=\"wpforms-30-field_3-error\" ><\/div><div id=\"wpforms-30-field_4-container\" class=\"wpforms-field wpforms-field-textarea\" data-field-id=\"4\"><label class=\"wpforms-field-label\" for=\"wpforms-30-field_4\">Message <span class=\"wpforms-required-label\" aria-hidden=\"true\">*<\/span><\/label><textarea id=\"wpforms-30-field_4\" class=\"wpforms-field-large wpforms-field-required\" name=\"wpforms[fields][4]\" aria-errormessage=\"wpforms-30-field_4-error\" required><\/textarea><\/div><script>\n\t\t\t\t( function() {\n\t\t\t\t\tconst style = document.createElement( 'style' );\n\t\t\t\t\tstyle.appendChild( document.createTextNode( '#wpforms-30-field_5-container { position: absolute !important; overflow: hidden !important; display: inline !important; height: 1px !important; width: 1px !important; z-index: -1000 !important; padding: 0 !important; } #wpforms-30-field_5-container input { visibility: hidden; } #wpforms-conversational-form-page #wpforms-30-field_5-container label { counter-increment: none; }' ) );\n\t\t\t\t\tdocument.head.appendChild( style );\n\t\t\t\t\tdocument.currentScript?.remove();\n\t\t\t\t} )();\n\t\t\t<\/script><\/div><!-- .wpforms-field-container --><div class=\"wpforms-submit-container\" ><input type=\"hidden\" name=\"wpforms[id]\" value=\"30\"><input type=\"hidden\" name=\"page_title\" value=\"\"><input type=\"hidden\" name=\"page_url\" value=\"https:\/\/rpsolutions.cz\/en\/wp-json\/wp\/v2\/pages\/35\"><input type=\"hidden\" name=\"url_referer\" value=\"\"><button type=\"submit\" name=\"wpforms[submit]\" id=\"wpforms-submit-30\" class=\"wpforms-submit\" data-alt-text=\"Odes\u00edl\u00e1ni...\" data-submit-text=\"Odeslat\" aria-live=\"assertive\" value=\"wpforms-submit\">Odeslat<\/button><img decoding=\"async\" src=\"https:\/\/rpsolutions.cz\/wp-content\/plugins\/wpforms-lite\/assets\/images\/submit-spin.svg\" class=\"wpforms-submit-spinner\" style=\"display: none;\" width=\"26\" height=\"26\" alt=\"Loading\"><\/div><input type=\"hidden\" name=\"trp-form-language\" value=\"en\"\/><\/form><\/div>  <!-- .wpforms-container --><\/div><\/div>\n<\/div><\/div>","protected":false},"excerpt":{"rendered":"<p>Spr\u00e1va za\u0159\u00edzen\u00ed s d\u016frazem na efektivitu Zde sd\u00edl\u00edme skute\u010dn\u00e9 reference na\u0161ich klient\u016f, kte\u0159\u00ed oce\u0148uj\u00ed kvalitu a spolehlivost na\u0161ich slu\u017eeb. T\u00fdm RP Solutions n\u00e1m poskytl profesion\u00e1ln\u00ed podporu a rychl\u00e9 \u0159e\u0161en\u00ed v\u0161ech probl\u00e9m\u016f. Firma GreenBuild Mana\u017eer spr\u00e1vy budov S RP Solutions jsme z\u00edskali spolehliv\u00e9ho partnera s vysokou odbornost\u00ed a precizn\u00edm p\u0159\u00edstupem. Spole\u010dnost Novatech \u0158editel provozu Optimalizujte spr\u00e1vu [&hellip;]<\/p>","protected":false},"author":1,"featured_media":0,"parent":0,"menu_order":0,"comment_status":"closed","ping_status":"closed","template":"page-with-title","meta":{"om_disable_all_campaigns":false,"_monsterinsights_skip_tracking":false,"_monsterinsights_sitenote_active":false,"_monsterinsights_sitenote_note":"","_monsterinsights_sitenote_category":0,"footnotes":""},"class_list":["post-35","page","type-page","status-publish","hentry"],"aioseo_notices":[],"_links":{"self":[{"href":"https:\/\/rpsolutions.cz\/en\/wp-json\/wp\/v2\/pages\/35","targetHints":{"allow":["GET"]}}],"collection":[{"href":"https:\/\/rpsolutions.cz\/en\/wp-json\/wp\/v2\/pages"}],"about":[{"href":"https:\/\/rpsolutions.cz\/en\/wp-json\/wp\/v2\/types\/page"}],"author":[{"embeddable":true,"href":"https:\/\/rpsolutions.cz\/en\/wp-json\/wp\/v2\/users\/1"}],"replies":[{"embeddable":true,"href":"https:\/\/rpsolutions.cz\/en\/wp-json\/wp\/v2\/comments?post=35"}],"version-history":[{"count":0,"href":"https:\/\/rpsolutions.cz\/en\/wp-json\/wp\/v2\/pages\/35\/revisions"}],"wp:attachment":[{"href":"https:\/\/rpsolutions.cz\/en\/wp-json\/wp\/v2\/media?parent=35"}],"curies":[{"name":"wp","href":"https:\/\/api.w.org\/{rel}","templated":true}]}}